{"id":77,"date":"2017-05-09T21:16:11","date_gmt":"2017-05-09T18:16:11","guid":{"rendered":"https:\/\/www.cekirdekinanc.com\/magaza\/?page_id=77"},"modified":"2017-05-09T21:16:11","modified_gmt":"2017-05-09T18:16:11","slug":"teslimat-ve-iade","status":"publish","type":"page","link":"https:\/\/www.cekirdekinanc.com\/magaza\/teslimat-ve-iade\/","title":{"rendered":"Teslimat ve \u0130ade"},"content":{"rendered":"<p>cekirdekinanc.com Olarak (2005&#8217;den beri) Yakla\u015f\u0131k 12 senedir, Ki\u015fisel Geli\u015fiminizi ve De\u011fi\u015fiminizi Ge\u00e7ici Olarak De\u011fil Ya\u015fam Boyu Garanti Ediyor ve Destekliyoruz!!!<br \/>\n*Cd&#8217;lerimiz en y\u00fcksek kalitedir ancak -olur ya- diyelim ki ald\u0131\u011f\u0131n\u0131z herhangi bir CD \u00e7izildi yada MP3 linki olarak alm\u0131\u015ft\u0131n\u0131z bilgisayar\u0131n\u0131z \u00e7\u00f6kt\u00fc ve mp3&#8217;leriniz yok oldu! Bu durumda tek bir mail at\u0131n, sipari\u015finiz \u00fczerinden ka\u00e7 y\u0131l ge\u00e7mi\u015f olursa olsun CD&#8217;niz \u00fccretsiz olarak adresinize g\u00f6nderilsin. \u00dcstelik kargo \u00fccreti \u00f6demeyin.<\/p>\n<p>S\u0131nrs\u0131z \u0130ade Garantisi!!!<\/p>\n<p>*T\u00fcrkiye&#8217;de ilk defa motivasyon CD&#8217;lerinde fayda g\u00f6rmeyene kesintisiz para iade edisi yap\u0131l\u0131yor.. Memnun kalmad\u0131\u011f\u0131n\u0131z CD i\u00e7in s\u0131n\u0131rs\u0131z ve ko\u015fulsuz para iade garantisi vard\u0131r.<\/p>\n<p>D\u00fcnyada \u0130lk kez Para \u0130adesi \u0130\u00e7in Bir S\u00f6z\u00fcn\u00fcz Yeterli !!!<br \/>\n*D\u00fcnyadaki di\u011fer siteler, Mp3&#8217;lere kesinlikle para iadesi yapmazlar. CD iadesi i\u00e7in ise bir \u00e7ok \u015fart \u00f6ne s\u00fcrerler.CD&#8217;nin ambalaj\u0131n\u0131n bozulmamas\u0131 vs. gibi&#8230; Burada ama\u00e7 iade say\u0131s\u0131n\u0131 azaltmakt\u0131r! Hayatimde\u011fi\u015fti sitesinde ald\u0131\u011f\u0131n\u0131z CD&#8217;yi iade etmeniz gerekmemektedir!\u0130sminize \u00f6zel haz\u0131rlanan CD&#8217;ler sadece sizin taraf\u0131n\u0131zdan kullan\u0131labilmektedir. CD bedeli iadesi i\u00e7in sadece yaz\u0131l\u0131 yada s\u00f6zl\u00fc olarak etki g\u00f6remedi\u011finizi belirtmeniz yeterlidir.<\/p>\n<p>Kargo Bedeli \u0130adesi!!!<\/p>\n<p>*E\u011fer sipari\u015f verdi\u011finiz konuda adresinize CD istediyseniz kargo \u00fccretini kendiniz \u00f6dersiniz.\u0130ade istedi\u011finizde ise sadece CD bedeli de\u011fil \u00f6dedi\u011finiz kargo bedeli de hayatimdegisti taraf\u0131ndan hesab\u0131n\u0131za iade edilir!<\/p>\n<p>\u0130ade etmekten L\u00fctfen \u00c7ekinmeyiniz&#8230;<\/p>\n<p>Ki\u015fiye \u00f6zel \u00e7al\u0131\u015fmalar b\u00fcy\u00fck emek harcanarak haz\u0131rlanm\u0131\u015f olsa bile burada as\u0131l olan fayda g\u00f6rebilmektir! Ne kadar emek harcarsak harcayal\u0131m e\u011fer fayda g\u00f6remediyseniz iade etmek en do\u011fal hakk\u0131n\u0131zd\u0131r.L\u00fctfen bunu unutmay\u0131n\u0131z!Sadece, &#8216;Fayda g\u00f6remedim.&#8217; diye bildirmeniz yeterlidir.<\/p>\n<p><strong>Sistemin K\u00f6t\u00fcye Kullan\u0131lmas\u0131!!!<\/strong><\/p>\n<p>Kendimize g\u00fcveniyoruz ve sizlere g\u00fcveniyoruz!Ancak ko\u015fulsuz garanti sisteminin k\u00f6t\u00fcye kullan\u0131lmas\u0131n\u0131 en ba\u015ftan engellemek i\u00e7in her sipari\u015f kabul edilmemektedir.Sipari\u015flerinizin kabul edilmesi i\u00e7in l\u00fctfen bilgilerinizi eksiksiz ve do\u011fru olarak doldurmaya \u00f6zen g\u00f6steriniz.<\/p>\n<p>Gsm: 05395596422<\/p>\n<p>Sabit: 0212 481 66 45<\/p>\n<p>Sitemizde Kredi Kartlar\u0131 i\u00e7in %100 g\u00fcvenli \u0130YZ\u0130CO altayap\u0131s\u0131 kullan\u0131lmaktad\u0131r.<\/p>\n<p>7 marka (Bonus, World, Axess, Maximum , CardFinans, AsyaCard ve Paraf) ile pe\u015fin fiyat\u0131na 12 taksitli al\u0131\u015fveri\u015f imkan\u0131<br \/>\nAnla\u015fmal\u0131 bankalar\u0131n kredi kartlar\u0131na \u00f6d\u00fcl puan\u0131 f\u0131rsatlar\u0131<br \/>\nBanka kart\u0131 ile de al\u0131\u015fveri\u015f yapma imkan\u0131<br \/>\nUluslararas\u0131 g\u00fcvenlik standartlar\u0131na (PCI DSS ve SSL sertifikas\u0131) ve filtrelerine sahip \u00f6deme sayfas\u0131<\/p>\n","protected":false},"excerpt":{"rendered":"<p>cekirdekinanc.com Olarak (2005&#8217;den beri) Yakla\u015f\u0131k 12 senedir, Ki\u015fisel Geli\u015fiminizi ve De\u011fi\u015fiminizi Ge\u00e7ici Olarak De\u011fil Ya\u015fam Boyu Garanti Ediyor ve Destekliyoruz!!! *Cd&#8217;lerimiz en y\u00fcksek kalitedir ancak -olur ya- diyelim ki ald\u0131\u011f\u0131n\u0131z herhangi bir CD \u00e7izildi yada MP3 linki olarak alm\u0131\u015ft\u0131n\u0131z bilgisayar\u0131n\u0131z \u00e7\u00f6kt\u00fc ve mp3&#8217;leriniz yok oldu! Bu durumda tek bir mail at\u0131n, sipari\u015finiz \u00fczerinden ka\u00e7 y\u0131l [&hellip;]<\/p>\n","protected":false},"author":1,"featured_media":0,"parent":0,"menu_order":0,"comment_status":"closed","ping_status":"closed","template":"","meta":{"footnotes":""},"yoast_head":"<!-- This site is optimized with the Yoast SEO plugin v21.5 - https:\/\/yoast.com\/wordpress\/plugins\/seo\/ -->\n<title>Teslimat ve \u0130ade - \u00c7ekirdek \u0130nan\u00e7 Ma\u011faza<\/title>\n<meta name=\"robots\" content=\"index, follow, max-snippet:-1, max-image-preview:large, max-video-preview:-1\" \/>\n<link rel=\"canonical\" href=\"https:\/\/www.cekirdekinanc.com\/magaza\/teslimat-ve-iade\/\" \/>\n<meta property=\"og:locale\" content=\"tr_TR\" \/>\n<meta property=\"og:type\" content=\"article\" \/>\n<meta property=\"og:title\" content=\"Teslimat ve \u0130ade - \u00c7ekirdek \u0130nan\u00e7 Ma\u011faza\" \/>\n<meta property=\"og:description\" content=\"cekirdekinanc.com Olarak (2005&#8217;den beri) Yakla\u015f\u0131k 12 senedir, Ki\u015fisel Geli\u015fiminizi ve De\u011fi\u015fiminizi Ge\u00e7ici Olarak De\u011fil Ya\u015fam Boyu Garanti Ediyor ve Destekliyoruz!!! *Cd&#8217;lerimiz en y\u00fcksek kalitedir ancak -olur ya- diyelim ki ald\u0131\u011f\u0131n\u0131z herhangi bir CD \u00e7izildi yada MP3 linki olarak alm\u0131\u015ft\u0131n\u0131z bilgisayar\u0131n\u0131z \u00e7\u00f6kt\u00fc ve mp3&#8217;leriniz yok oldu! Bu durumda tek bir mail at\u0131n, sipari\u015finiz \u00fczerinden ka\u00e7 y\u0131l [&hellip;]\" \/>\n<meta property=\"og:url\" content=\"https:\/\/www.cekirdekinanc.com\/magaza\/teslimat-ve-iade\/\" \/>\n<meta property=\"og:site_name\" content=\"\u00c7ekirdek \u0130nan\u00e7 Ma\u011faza\" \/>\n<meta name=\"twitter:card\" content=\"summary_large_image\" \/>\n<meta name=\"twitter:label1\" content=\"Tahmini okuma s\u00fcresi\" \/>\n\t<meta name=\"twitter:data1\" content=\"2 dakika\" \/>\n<script type=\"application\/ld+json\" class=\"yoast-schema-graph\">{\"@context\":\"https:\/\/schema.org\",\"@graph\":[{\"@type\":\"WebPage\",\"@id\":\"https:\/\/www.cekirdekinanc.com\/magaza\/teslimat-ve-iade\/\",\"url\":\"https:\/\/www.cekirdekinanc.com\/magaza\/teslimat-ve-iade\/\",\"name\":\"Teslimat ve \u0130ade - \u00c7ekirdek \u0130nan\u00e7 Ma\u011faza\",\"isPartOf\":{\"@id\":\"https:\/\/www.cekirdekinanc.com\/magaza\/#website\"},\"datePublished\":\"2017-05-09T18:16:11+00:00\",\"dateModified\":\"2017-05-09T18:16:11+00:00\",\"breadcrumb\":{\"@id\":\"https:\/\/www.cekirdekinanc.com\/magaza\/teslimat-ve-iade\/#breadcrumb\"},\"inLanguage\":\"tr\",\"potentialAction\":[{\"@type\":\"ReadAction\",\"target\":[\"https:\/\/www.cekirdekinanc.com\/magaza\/teslimat-ve-iade\/\"]}]},{\"@type\":\"BreadcrumbList\",\"@id\":\"https:\/\/www.cekirdekinanc.com\/magaza\/teslimat-ve-iade\/#breadcrumb\",\"itemListElement\":[{\"@type\":\"ListItem\",\"position\":1,\"name\":\"Ana sayfa\",\"item\":\"https:\/\/www.cekirdekinanc.com\/magaza\/\"},{\"@type\":\"ListItem\",\"position\":2,\"name\":\"Teslimat ve \u0130ade\"}]},{\"@type\":\"WebSite\",\"@id\":\"https:\/\/www.cekirdekinanc.com\/magaza\/#website\",\"url\":\"https:\/\/www.cekirdekinanc.com\/magaza\/\",\"name\":\"\u00c7ekirdek \u0130nan\u00e7 Ma\u011faza\",\"description\":\"Hem analiz hem d\u00f6n\u00fc\u015f\u00fcm\",\"potentialAction\":[{\"@type\":\"SearchAction\",\"target\":{\"@type\":\"EntryPoint\",\"urlTemplate\":\"https:\/\/www.cekirdekinanc.com\/magaza\/?s={search_term_string}\"},\"query-input\":\"required name=search_term_string\"}],\"inLanguage\":\"tr\"}]}<\/script>\n<!-- \/ Yoast SEO plugin. -->","yoast_head_json":{"title":"Teslimat ve \u0130ade - \u00c7ekirdek \u0130nan\u00e7 Ma\u011faza","robots":{"index":"index","follow":"follow","max-snippet":"max-snippet:-1","max-image-preview":"max-image-preview:large","max-video-preview":"max-video-preview:-1"},"canonical":"https:\/\/www.cekirdekinanc.com\/magaza\/teslimat-ve-iade\/","og_locale":"tr_TR","og_type":"article","og_title":"Teslimat ve \u0130ade - \u00c7ekirdek \u0130nan\u00e7 Ma\u011faza","og_description":"cekirdekinanc.com Olarak (2005&#8217;den beri) Yakla\u015f\u0131k 12 senedir, Ki\u015fisel Geli\u015fiminizi ve De\u011fi\u015fiminizi Ge\u00e7ici Olarak De\u011fil Ya\u015fam Boyu Garanti Ediyor ve Destekliyoruz!!! *Cd&#8217;lerimiz en y\u00fcksek kalitedir ancak -olur ya- diyelim ki ald\u0131\u011f\u0131n\u0131z herhangi bir CD \u00e7izildi yada MP3 linki olarak alm\u0131\u015ft\u0131n\u0131z bilgisayar\u0131n\u0131z \u00e7\u00f6kt\u00fc ve mp3&#8217;leriniz yok oldu! Bu durumda tek bir mail at\u0131n, sipari\u015finiz \u00fczerinden ka\u00e7 y\u0131l [&hellip;]","og_url":"https:\/\/www.cekirdekinanc.com\/magaza\/teslimat-ve-iade\/","og_site_name":"\u00c7ekirdek \u0130nan\u00e7 Ma\u011faza","twitter_card":"summary_large_image","twitter_misc":{"Tahmini okuma s\u00fcresi":"2 dakika"},"schema":{"@context":"https:\/\/schema.org","@graph":[{"@type":"WebPage","@id":"https:\/\/www.cekirdekinanc.com\/magaza\/teslimat-ve-iade\/","url":"https:\/\/www.cekirdekinanc.com\/magaza\/teslimat-ve-iade\/","name":"Teslimat ve \u0130ade - \u00c7ekirdek \u0130nan\u00e7 Ma\u011faza","isPartOf":{"@id":"https:\/\/www.cekirdekinanc.com\/magaza\/#website"},"datePublished":"2017-05-09T18:16:11+00:00","dateModified":"2017-05-09T18:16:11+00:00","breadcrumb":{"@id":"https:\/\/www.cekirdekinanc.com\/magaza\/teslimat-ve-iade\/#breadcrumb"},"inLanguage":"tr","potentialAction":[{"@type":"ReadAction","target":["https:\/\/www.cekirdekinanc.com\/magaza\/teslimat-ve-iade\/"]}]},{"@type":"BreadcrumbList","@id":"https:\/\/www.cekirdekinanc.com\/magaza\/teslimat-ve-iade\/#breadcrumb","itemListElement":[{"@type":"ListItem","position":1,"name":"Ana sayfa","item":"https:\/\/www.cekirdekinanc.com\/magaza\/"},{"@type":"ListItem","position":2,"name":"Teslimat ve \u0130ade"}]},{"@type":"WebSite","@id":"https:\/\/www.cekirdekinanc.com\/magaza\/#website","url":"https:\/\/www.cekirdekinanc.com\/magaza\/","name":"\u00c7ekirdek \u0130nan\u00e7 Ma\u011faza","description":"Hem analiz hem d\u00f6n\u00fc\u015f\u00fcm","potentialAction":[{"@type":"SearchAction","target":{"@type":"EntryPoint","urlTemplate":"https:\/\/www.cekirdekinanc.com\/magaza\/?s={search_term_string}"},"query-input":"required name=search_term_string"}],"inLanguage":"tr"}]}},"_links":{"self":[{"href":"https:\/\/www.cekirdekinanc.com\/magaza\/wp-json\/wp\/v2\/pages\/77"}],"collection":[{"href":"https:\/\/www.cekirdekinanc.com\/magaza\/wp-json\/wp\/v2\/pages"}],"about":[{"href":"https:\/\/www.cekirdekinanc.com\/magaza\/wp-json\/wp\/v2\/types\/page"}],"author":[{"embeddable":true,"href":"https:\/\/www.cekirdekinanc.com\/magaza\/wp-json\/wp\/v2\/users\/1"}],"replies":[{"embeddable":true,"href":"https:\/\/www.cekirdekinanc.com\/magaza\/wp-json\/wp\/v2\/comments?post=77"}],"version-history":[{"count":0,"href":"https:\/\/www.cekirdekinanc.com\/magaza\/wp-json\/wp\/v2\/pages\/77\/revisions"}],"wp:attachment":[{"href":"https:\/\/www.cekirdekinanc.com\/magaza\/wp-json\/wp\/v2\/media?parent=77"}],"curies":[{"name":"wp","href":"https:\/\/api.w.org\/{rel}","templated":true}]}}